{"id":251,"date":"2026-03-09T23:27:28","date_gmt":"2026-03-09T23:27:28","guid":{"rendered":"https:\/\/schematicvision.com\/?page_id=251"},"modified":"2026-03-10T00:35:34","modified_gmt":"2026-03-10T00:35:34","slug":"closed-beta","status":"publish","type":"page","link":"https:\/\/schematicvision.com\/en\/closed-beta\/","title":{"rendered":"Closed Beta"},"content":{"rendered":"<div class=\"wp-block-group alignfull is-style-ext-preset--group--natural-1--section has-background-background-color has-background has-global-padding is-layout-constrained wp-block-group-is-layout-constrained is-style-ext-preset--group--natural-1--section--1\" id=\"closed-beta\" style=\"margin-top:0;margin-bottom:0;padding-top:var(--wp--preset--spacing--50);padding-bottom:var(--wp--preset--spacing--70)\">\n<div class=\"wp-block-group alignwide is-vertical is-content-justification-center is-layout-flex wp-container-core-group-is-layout-c9ee0c5a wp-block-group-is-layout-flex\">\n<div class=\"wp-block-group has-global-padding is-layout-constrained wp-container-core-group-is-layout-2287c683 wp-block-group-is-layout-constrained\">\n<h1 class=\"wp-block-heading alignwide has-text-align-center\">Closed Beta \u2013 Waitlist<\/h1>\n\n\n\n<p class=\"has-text-align-center\">SchematicVision is developing a self-service platform for the AI-powered digitization of PDF schematics into editable EPLAN Electric P8 projects. Sign up for the closed beta and get early access.<\/p>\n\n\n\n<p class=\"has-text-align-center\" style=\"font-style:italic;font-weight:400\">Signing up is non-binding. Your information helps us tailor the beta to the most relevant use cases\u2014from plant operators with large documentation inventories to engineering firms and service providers with recurring digitization needs.<\/p>\n<\/div>\n\n\n\n<div class=\"wp-block-buttons is-content-justification-center is-layout-flex wp-container-core-buttons-is-layout-a89b3969 wp-block-buttons-is-layout-flex\">\n<div class=\"wp-block-button is-style-ext-preset--button--natural-1--button-1 is-style-ext-preset--button--natural-1--button-1--2\"><a class=\"wp-block-button__link wp-element-button\" href=\"#anmeldung\">Join the waitlist now<\/a><\/div>\n<\/div>\n<\/div>\n<\/div>\n\n\n\n<div class=\"wp-block-group alignfull is-style-ext-preset--group--natural-1--section has-tertiary-background-color has-background has-global-padding is-layout-constrained wp-container-core-group-is-layout-e955bbaf wp-block-group-is-layout-constrained is-style-ext-preset--group--natural-1--section--3\" style=\"margin-top:0;margin-bottom:0;padding-top:var(--wp--preset--spacing--70);padding-bottom:var(--wp--preset--spacing--70)\">\n<div class=\"wp-block-group alignwide is-vertical is-content-justification-center is-layout-flex wp-container-core-group-is-layout-c9ee0c5a wp-block-group-is-layout-flex\">\n<div class=\"wp-block-group has-global-padding is-layout-constrained wp-container-core-group-is-layout-dd32767c wp-block-group-is-layout-constrained\">\n<h2 class=\"wp-block-heading has-text-align-center\">What the closed beta offers<\/h2>\n<\/div>\n<\/div>\n\n\n\n<div class=\"wp-block-columns alignwide is-layout-flex wp-container-core-columns-is-layout-08c01c1c wp-block-columns-is-layout-flex\">\n<div class=\"wp-block-column is-vertically-aligned-stretch is-layout-flow wp-container-core-column-is-layout-119bc444 wp-block-column-is-layout-flow\">\n<div class=\"wp-block-group is-style-ext-preset--group--natural-1--item-card-1--align-start has-global-padding is-layout-constrained wp-block-group-is-layout-constrained is-style-ext-preset--group--natural-1--item-card-1--align-start--4\">\n<div class=\"wp-block-group is-style-default has-global-padding is-layout-constrained wp-block-group-is-layout-constrained\">\n<h3 class=\"wp-block-heading\">Who is the beta for?<\/h3>\n\n\n\n<ul class=\"wp-block-list\">\n<li>Plant operators, grid operators, and power producers with extensive legacy documentation in PDF or scanned format<\/li>\n\n\n\n<li>Engineering firms, plant engineering companies, and switchgear manufacturers with EPLAN expertise and recurring digitization needs<\/li>\n\n\n\n<li>Service providers that want to offer schematic digitization as a service to their own customers in the future<\/li>\n<\/ul>\n<\/div>\n<\/div>\n<\/div>\n\n\n\n<div class=\"wp-block-column is-vertically-aligned-stretch is-layout-flow wp-container-core-column-is-layout-119bc444 wp-block-column-is-layout-flow\">\n<div class=\"wp-block-group is-style-ext-preset--group--natural-1--item-card-1--align-start has-global-padding is-layout-constrained wp-block-group-is-layout-constrained is-style-ext-preset--group--natural-1--item-card-1--align-start--5\">\n<div class=\"wp-block-group is-style-default has-global-padding is-layout-constrained wp-block-group-is-layout-constrained\">\n<h3 class=\"wp-block-heading\">What you can expect<\/h3>\n\n\n\n<ul class=\"wp-block-list\">\n<li>Early access to the self-service platform \u2014 upload PDFs, start AI-powered digitization, and import the result directly into EPLAN<\/li>\n\n\n\n<li>Assessment of your use case and expected digitization volume<\/li>\n\n\n\n<li>Regelm\u00e4\u00dfige Updates zum Beta-Status und \u2013 bei Einwilligung \u2013 Informationen zum Produktstart<\/li>\n<\/ul>\n<\/div>\n<\/div>\n<\/div>\n<\/div>\n\n\n\n<p class=\"has-text-align-center\" style=\"font-size:0.875rem\"><em>Voraussetzung f\u00fcr die Teilnahme: G\u00fcltige EPLAN-Lizenzen und EPLAN-Know-how im eigenen Haus, da die finale Qualit\u00e4tssicherung und Vervollst\u00e4ndigung des KI-Ergebnisses eigenst\u00e4ndig erfolgen.<\/em><\/p>\n<\/div>\n\n\n\n<div class=\"wp-block-group alignfull is-style-ext-preset--group--natural-1--section has-background-background-color has-background has-global-padding is-layout-constrained wp-block-group-is-layout-constrained is-style-ext-preset--group--natural-1--section--6\" id=\"anmeldung\" style=\"margin-top:0;margin-bottom:0;padding-top:var(--wp--preset--spacing--70);padding-bottom:var(--wp--preset--spacing--70)\">\n<div class=\"wp-block-group alignwide has-tertiary-background-color has-background has-global-padding is-layout-constrained wp-container-core-group-is-layout-48493932 wp-block-group-is-layout-constrained\" style=\"padding-top:var(--wp--preset--spacing--55);padding-right:var(--wp--preset--spacing--55);padding-bottom:var(--wp--preset--spacing--55);padding-left:var(--wp--preset--spacing--55)\">\n<h2 class=\"wp-block-heading has-text-align-center\">Sign up for the closed beta now<\/h2>\n\n\n\n<p class=\"has-text-align-center\">Join our waitlist using the form below. The more accurately you describe your role and estimated digitization needs, the better we can assess your application.<\/p>\n\n\n\n<div class=\"wp-block-contact-form-7-contact-form-selector\">\n<div class=\"wpcf7 no-js\" id=\"wpcf7-f14-o1\" lang=\"de-DE\" dir=\"ltr\" data-wpcf7-id=\"14\">\n<div class=\"screen-reader-response\"><p role=\"status\" aria-live=\"polite\" aria-atomic=\"true\"><\/p> <ul><\/ul><\/div>\n<form action=\"\/en\/wp-json\/wp\/v2\/pages\/251#wpcf7-f14-o1\" method=\"post\" class=\"wpcf7-form init\" aria-label=\"Kontaktformular\" novalidate=\"novalidate\" data-status=\"init\" data-trp-original-action=\"\/en\/wp-json\/wp\/v2\/pages\/251#wpcf7-f14-o1\">\n<fieldset class=\"hidden-fields-container\"><input type=\"hidden\" name=\"_wpcf7\" value=\"14\" \/><input type=\"hidden\" name=\"_wpcf7_version\" value=\"6.1.5\" \/><input type=\"hidden\" name=\"_wpcf7_locale\" value=\"de_DE\" \/><input type=\"hidden\" name=\"_wpcf7_unit_tag\" value=\"wpcf7-f14-o1\" \/><input type=\"hidden\" name=\"_wpcf7_container_post\" value=\"0\" \/><input type=\"hidden\" name=\"_wpcf7_posted_data_hash\" value=\"\" \/>\n<\/fieldset>\n<p><label> Your name<br \/>\n<span class=\"wpcf7-form-control-wrap\" data-name=\"your-name\"><input size=\"40\" maxlength=\"400\" class=\"wpcf7-form-control wpcf7-text wpcf7-validates-as-required\" autocomplete=\"name\" aria-required=\"true\" aria-invalid=\"false\" value=\"\" type=\"text\" name=\"your-name\" \/><\/span> <\/label>\n<\/p>\n<p><label> Company Name (optional)<br \/>\n<span class=\"wpcf7-form-control-wrap\" data-name=\"your-company\"><input size=\"40\" maxlength=\"400\" class=\"wpcf7-form-control wpcf7-text\" autocomplete=\"organization\" aria-invalid=\"false\" value=\"\" type=\"text\" name=\"your-company\" \/><\/span> <\/label>\n<\/p>\n<p><label> Your e-mail address<br \/>\n<span class=\"wpcf7-form-control-wrap\" data-name=\"your-email\"><input size=\"40\" maxlength=\"400\" class=\"wpcf7-form-control wpcf7-email wpcf7-validates-as-required wpcf7-text wpcf7-validates-as-email\" autocomplete=\"email\" aria-required=\"true\" aria-invalid=\"false\" value=\"\" type=\"email\" name=\"your-email\" \/><\/span> <\/label>\n<\/p>\n<p><label> Which role best describes you?<br \/>\n<span class=\"wpcf7-form-control-wrap\" data-name=\"your-role\"><select class=\"wpcf7-form-control wpcf7-select wpcf7-validates-as-required cf7-full\" aria-required=\"true\" aria-invalid=\"false\" name=\"your-role\"><option value=\"\">Please select<\/option><option value=\"Anlagenbauer\">Plant manufacturer \/ switchgear builder<\/option><option value=\"Anlagenbetreiber\">Plant operator<\/option><option value=\"Planungsb\u00fcro\">Engineering firm<\/option><option value=\"Sonstiges\">Other<\/option><\/select><\/span> <\/label>\n<\/p>\n<p><label> How would you estimate your monthly digitization volume?<br \/>\n<span class=\"wpcf7-form-control-wrap\" data-name=\"your-volume\"><select class=\"wpcf7-form-control wpcf7-select wpcf7-validates-as-required cf7-full\" aria-required=\"true\" aria-invalid=\"false\" name=\"your-volume\"><option value=\"\">Please select<\/option><option value=\"1-50 Seiten\">1-50 Pages<\/option><option value=\"51-250 Seiten\">51-250 Pages<\/option><option value=\"251-500 Seiten\">251-500 Pages<\/option><option value=\"501-2.000 Seiten\">501-2.000 Pages<\/option><option value=\"&gt; 2.000 Seiten\">&gt; 2.000 Pages<\/option><\/select><\/span> <\/label>\n<\/p>\n<p>Is there currently a valid EPLAN license in place?\n<\/p>\n<p><span class=\"wpcf7-form-control-wrap\" data-name=\"your-eplan-license\"><span class=\"wpcf7-form-control wpcf7-radio\"><span class=\"wpcf7-list-item first\"><label><input type=\"radio\" name=\"your-eplan-license\" value=\"Ja\" checked=\"checked\" \/><span class=\"wpcf7-list-item-label\">Yes<\/span><\/label><\/span><span class=\"wpcf7-list-item last\"><label><input type=\"radio\" name=\"your-eplan-license\" value=\"Nein\" \/><span class=\"wpcf7-list-item-label\">No<\/span><\/label><\/span><\/span><\/span>\n<\/p>\n<p><span class=\"wpcf7-form-control-wrap\" data-name=\"beta-consent\"><span class=\"wpcf7-form-control wpcf7-acceptance\"><span class=\"wpcf7-list-item\"><label><input type=\"checkbox\" name=\"beta-consent\" value=\"1\" aria-invalid=\"false\" \/><span class=\"wpcf7-list-item-label\">I would like to join the SchematicVision closed beta waitlist and consent to my information being used to process my request and to contact me regarding the closed beta.<\/span><\/label><\/span><\/span><\/span>\n<\/p>\n<p><span class=\"wpcf7-form-control-wrap\" data-name=\"mailinglist-consent\"><span class=\"wpcf7-form-control wpcf7-acceptance optional\"><span class=\"wpcf7-list-item\"><label><input type=\"checkbox\" name=\"mailinglist-consent\" value=\"1\" aria-invalid=\"false\" \/><span class=\"wpcf7-list-item-label\">I would also like to be added to the email list \/ mailing list to receive updates about SchematicVision, the beta status, and the product launch.<\/span><\/label><\/span><\/span><\/span>\n<\/p>\n<p><input class=\"wpcf7-form-control wpcf7-submit has-spinner\" type=\"submit\" value=\"Join Closed Beta Waitlist\" \/>\n<\/p><div class=\"wpcf7-response-output\" aria-hidden=\"true\"><\/div>\n<input type=\"hidden\" name=\"trp-form-language\" value=\"en\"\/><\/form>\n<\/div>\n<\/div>\n<\/div>\n<\/div>\n\n\n\n<div class=\"wp-block-group alignfull is-style-ext-preset--group--natural-1--section has-tertiary-background-color has-background has-global-padding is-layout-constrained wp-container-core-group-is-layout-b511a55e wp-block-group-is-layout-constrained is-style-ext-preset--group--natural-1--section--7\" style=\"margin-top:0;margin-bottom:0;padding-top:var(--wp--preset--spacing--70);padding-bottom:var(--wp--preset--spacing--70)\">\n<div class=\"wp-block-group alignwide is-vertical is-content-justification-center is-layout-flex wp-container-core-group-is-layout-c9ee0c5a wp-block-group-is-layout-flex\">\n<div class=\"wp-block-group has-global-padding is-layout-constrained wp-container-core-group-is-layout-2287c683 wp-block-group-is-layout-constrained\">\n<h2 class=\"wp-block-heading has-text-align-center\">Notes on registration<\/h2>\n\n\n\n<p class=\"has-text-align-center\">A limited number of spots are available for the closed beta. Your registration is initially non-binding and does not constitute a confirmed acceptance into the program. We review incoming applications based on the intended use case, the estimated digitization volume, and suitability for the current beta phase.<\/p>\n\n\n\n<p class=\"has-text-align-center\">If your company is a good fit for the closed beta, we will contact you with further information about the process, the planned scope of participation, and the applicable terms and conditions.<\/p>\n<\/div>\n<\/div>\n\n\n\n<div class=\"wp-block-columns alignwide is-layout-flex wp-container-core-columns-is-layout-08c01c1c wp-block-columns-is-layout-flex\">\n<div class=\"wp-block-column is-vertically-aligned-stretch is-layout-flow wp-container-core-column-is-layout-119bc444 wp-block-column-is-layout-flow\">\n<div class=\"wp-block-group is-style-ext-preset--group--natural-1--item-card-1--align-start has-global-padding is-layout-constrained wp-block-group-is-layout-constrained is-style-ext-preset--group--natural-1--item-card-1--align-start--8\">\n<div class=\"wp-block-group is-style-default has-global-padding is-layout-constrained wp-block-group-is-layout-constrained\">\n<h3 class=\"wp-block-heading\">Privacy and Confidentiality<\/h3>\n\n\n\n<p>Careful handling of technical documentation and company data is essential to us. We use the information you provide as part of your registration solely to process your request, to contact you regarding the closed beta, and\u2014if you explicitly opt in\u2014to send you email updates about SchematicVision.<\/p>\n\n\n\n<p>Further information can be found in the <a href=\"\/en\/faq\/\">FAQ<\/a>.<\/p>\n<\/div>\n<\/div>\n<\/div>\n\n\n\n<div class=\"wp-block-column is-vertically-aligned-stretch is-layout-flow wp-container-core-column-is-layout-119bc444 wp-block-column-is-layout-flow\">\n<div class=\"wp-block-group is-style-ext-preset--group--natural-1--item-card-1--align-start has-global-padding is-layout-constrained wp-block-group-is-layout-constrained is-style-ext-preset--group--natural-1--item-card-1--align-start--9\">\n<div class=\"wp-block-group is-style-default has-global-padding is-layout-constrained wp-block-group-is-layout-constrained\">\n<h3 class=\"wp-block-heading\">Voraussetzungen f\u00fcr die Digitalisierung<\/h3>\n\n\n\n<p>AI-powered digitization requires that the PDF schematic pages were originally created in EPLAN. Quality assurance and completion of the AI-generated output\u2014such as correcting possible AI errors, handling macros, mounting plate layouts, or redline markups\u2014must be carried out independently by the beta participant within their own EPLAN environment.<\/p>\n\n\n\n<p>Further technical details can be found in the <a href=\"\/en\/faq\/\">FAQ<\/a>.<\/p>\n<\/div>\n<\/div>\n<\/div>\n<\/div>\n<\/div>","protected":false},"excerpt":{"rendered":"<p>Closed Beta \u2013 Warteliste SchematicVision entwickelt eine Self-Service-Plattform f\u00fcr die KI-gest\u00fctzte Digitalisierung von PDF-Schaltpl\u00e4nen in editierbare EPLAN Electric P8 Projekte. Melden Sie sich f\u00fcr die Closed Beta an und erhalten Sie fr\u00fchzeitigen Zugang. Die Anmeldung ist unverbindlich. Mit Ihren Angaben planen wir die Beta gezielt f\u00fcr passende Einsatzszenarien \u2013 von Anlagenbetreibern mit gro\u00dfen Dokumentationsbest\u00e4nden bis [&hellip;]<\/p>\n","protected":false},"author":1,"featured_media":0,"parent":0,"menu_order":0,"comment_status":"closed","ping_status":"closed","template":"page-with-title","meta":{"om_disable_all_campaigns":false,"_monsterinsights_skip_tracking":false,"_monsterinsights_sitenote_active":false,"_monsterinsights_sitenote_note":"","_monsterinsights_sitenote_category":0,"footnotes":""},"class_list":["post-251","page","type-page","status-publish","hentry"],"aioseo_notices":[],"_links":{"self":[{"href":"https:\/\/schematicvision.com\/en\/wp-json\/wp\/v2\/pages\/251","targetHints":{"allow":["GET"]}}],"collection":[{"href":"https:\/\/schematicvision.com\/en\/wp-json\/wp\/v2\/pages"}],"about":[{"href":"https:\/\/schematicvision.com\/en\/wp-json\/wp\/v2\/types\/page"}],"author":[{"embeddable":true,"href":"https:\/\/schematicvision.com\/en\/wp-json\/wp\/v2\/users\/1"}],"replies":[{"embeddable":true,"href":"https:\/\/schematicvision.com\/en\/wp-json\/wp\/v2\/comments?post=251"}],"version-history":[{"count":7,"href":"https:\/\/schematicvision.com\/en\/wp-json\/wp\/v2\/pages\/251\/revisions"}],"predecessor-version":[{"id":275,"href":"https:\/\/schematicvision.com\/en\/wp-json\/wp\/v2\/pages\/251\/revisions\/275"}],"wp:attachment":[{"href":"https:\/\/schematicvision.com\/en\/wp-json\/wp\/v2\/media?parent=251"}],"curies":[{"name":"wp","href":"https:\/\/api.w.org\/{rel}","templated":true}]}}