{"id":41,"date":"2026-01-02T12:56:56","date_gmt":"2026-01-02T12:56:56","guid":{"rendered":"https:\/\/schematicvision.com\/impressum\/"},"modified":"2026-03-07T19:20:09","modified_gmt":"2026-03-07T19:20:09","slug":"impressum","status":"publish","type":"page","link":"https:\/\/schematicvision.com\/en\/impressum\/","title":{"rendered":"Imprint"},"content":{"rendered":"<div class=\"wp-block-group alignfull is-style-ext-preset--group--natural-1--section has-background-background-color has-background has-global-padding is-layout-constrained wp-container-core-group-is-layout-6150fac0 wp-block-group-is-layout-constrained is-style-ext-preset--group--natural-1--section--1\" style=\"margin-top:0;margin-bottom:0;padding-top:var(--wp--preset--spacing--70);padding-bottom:var(--wp--preset--spacing--70)\">\n<p><strong>Website-Betreiber:<\/strong><br> SchematicVision GmbH<br> Am R\u00f6merfeld 3,<br> 85111, Adelschlag<br> Deutschland<br><br> <strong>Kontaktinformationen:<\/strong><br> Telefon: +49 15567 171494<br> E-Mail: info@schematicvision.de<br> Website: https:\/\/schematicvision.com<br><br> <strong>Vertretungsberechtigte Person:<\/strong><br> Amel Secerkadic<br> (Gesch\u00e4ftsf\u00fchrer)<br><br> <strong>Unternehmensregistrierung:<\/strong><br> Registergericht: Ingolstadt<br> Handelsregisternummer: HRB 12715<br> Umsatzsteuer-ID gem\u00e4\u00df \u00a7 27a UStG: DE460145070<br><br> <strong>Letzte Aktualisierung:<\/strong><br> 26.02.2026<\/p>\n<\/div>","protected":false},"excerpt":{"rendered":"<p>Website-Betreiber: SchematicVision GmbH Am R\u00f6merfeld 3, 85111, Adelschlag Deutschland Kontaktinformationen: Telefon: +49 15567 171494 E-Mail: info@schematicvision.de Website: https:\/\/schematicvision.com Vertretungsberechtigte Person: Amel Secerkadic (Gesch\u00e4ftsf\u00fchrer) Unternehmensregistrierung: Registergericht: Ingolstadt Handelsregisternummer: HRB 12715 Umsatzsteuer-ID gem\u00e4\u00df \u00a7 27a UStG: DE460145070 Letzte Aktualisierung: 26.02.2026<\/p>","protected":false},"author":1,"featured_media":0,"parent":0,"menu_order":0,"comment_status":"closed","ping_status":"closed","template":"page-with-title","meta":{"om_disable_all_campaigns":false,"_monsterinsights_skip_tracking":false,"_monsterinsights_sitenote_active":false,"_monsterinsights_sitenote_note":"","_monsterinsights_sitenote_category":0,"footnotes":""},"class_list":["post-41","page","type-page","status-publish","hentry"],"aioseo_notices":[],"_links":{"self":[{"href":"https:\/\/schematicvision.com\/en\/wp-json\/wp\/v2\/pages\/41","targetHints":{"allow":["GET"]}}],"collection":[{"href":"https:\/\/schematicvision.com\/en\/wp-json\/wp\/v2\/pages"}],"about":[{"href":"https:\/\/schematicvision.com\/en\/wp-json\/wp\/v2\/types\/page"}],"author":[{"embeddable":true,"href":"https:\/\/schematicvision.com\/en\/wp-json\/wp\/v2\/users\/1"}],"replies":[{"embeddable":true,"href":"https:\/\/schematicvision.com\/en\/wp-json\/wp\/v2\/comments?post=41"}],"version-history":[{"count":8,"href":"https:\/\/schematicvision.com\/en\/wp-json\/wp\/v2\/pages\/41\/revisions"}],"predecessor-version":[{"id":158,"href":"https:\/\/schematicvision.com\/en\/wp-json\/wp\/v2\/pages\/41\/revisions\/158"}],"wp:attachment":[{"href":"https:\/\/schematicvision.com\/en\/wp-json\/wp\/v2\/media?parent=41"}],"curies":[{"name":"wp","href":"https:\/\/api.w.org\/{rel}","templated":true}]}}